{"id":890,"date":"2020-01-16T14:36:59","date_gmt":"2020-01-16T14:36:59","guid":{"rendered":"http:\/\/www.capdagdefrance.co.uk\/italian\/?page_id=890"},"modified":"2023-11-09T11:01:15","modified_gmt":"2023-11-09T11:01:15","slug":"autonoleggio","status":"publish","type":"page","link":"https:\/\/www.capdagdefrance.co.uk\/italian\/arrivare\/autonoleggio\/","title":{"rendered":"Cap d\u2019Agde Autonoleggio"},"content":{"rendered":"\n<figure class=\"wp-block-image aligncenter size-full is-resized is-style-rounded\"><a href=\"https:\/\/www.capdagdefrance.co.uk\/italian\/wp-content\/uploads\/2023\/11\/Cap-dAgde-Autonoleggio.jpg\"><img loading=\"lazy\" decoding=\"async\" width=\"810\" height=\"450\" src=\"https:\/\/www.capdagdefrance.co.uk\/italian\/wp-content\/uploads\/2023\/11\/Cap-dAgde-Autonoleggio.jpg\" alt=\"Cap d\u2019Agde autonoleggio\" class=\"wp-image-14350\" style=\"width:610px\" srcset=\"https:\/\/www.capdagdefrance.co.uk\/italian\/wp-content\/uploads\/2023\/11\/Cap-dAgde-Autonoleggio.jpg 810w, https:\/\/www.capdagdefrance.co.uk\/italian\/wp-content\/uploads\/2023\/11\/Cap-dAgde-Autonoleggio-480x267.jpg 480w\" sizes=\"(min-width: 0px) and (max-width: 480px) 480px, (min-width: 481px) 810px, 100vw\" \/><\/a><\/figure>\n\n\n\n<p>Se sapete guidare e ve lo potete permettere, affittare una macchina pu\u00f2 essere un ottimo modo di arrivare al complesso naturista di Cap d\u2019Agde.<\/p>\n\n\n\n<p>In questo modo vi eviterete il viaggio dall\u2019aeroporto e dalla stazione ferroviaria ed il bisogno di prendere un autobus.<\/p>\n\n\n\n<h2 class=\"wp-block-heading\">Guidare in Francia<\/h2>\n\n\n\n<p>Noleggiare un\u2019auto all\u2019aeroporto in cui atterrate, pu\u00f2 migliorare la qualit\u00e0 del vostro viaggio. Quando affittate una macchina non dimenticatevi che:<\/p>\n\n\n\n<ul class=\"wp-block-list\">\n<li>In Francia si guida a destra (come in Italia)<\/li>\n\n\n\n<li>La Francia ha una legislazione molto severa riguardo alla guida sotto l\u2019effetto di alcolici. Il livello massimo consentito d\u2019alcol nel sangue \u00e8 0.5 mg\/ml.<\/li>\n\n\n\n<li>\u00c8 sempre obbligatorio usare cinture di sicurezza nei sedili anteriori e posteriori<\/li>\n\n\n\n<li>I limiti di velocit\u00e0 vengono fatti rispettare rigorosamente e i dispositivi per misurare la velocit\u00e0 delle macchine sono molto diffusi.<\/li>\n\n\n\n<li>In Francia si pu\u00f2 ricevere una multa immediata per aver superato i limiti di velocit\u00e0 e per altre infrazioni del codice.<\/li>\n<\/ul>\n\n\n\n<p><a href=\"https:\/\/www.easycar.com\/\" target=\"_blank\" rel=\"noreferrer noopener\" aria-label=\" (opens in a new tab)\">www.easycar.com<\/a> &#8211; Questa \u00e8 una compagnia alquanto nuova (fa parte del marchio EASY ed offre prezzi molto competitivi).<\/p>\n\n\n\n<h2 class=\"wp-block-heading\">Luoghi da vedere in Francia sulla strada per Agde<\/h2>\n\n\n\n<p>Una volta che avete noleggiato una macchina, potrete esplorare la splendida campagna circostante e la zona costiera.<\/p>\n\n\n\n<p>Ci sono molti vigneti sparsi per la <a href=\"https:\/\/www.capdagdefrance.co.uk\/italian\/linguadoca\/\">Linguadoca<\/a>, che vale la pena di visitare e che sono accessibili con la macchina.<\/p>\n\n\n\n<p>Se guidate dall\u2019Italia date un\u2019occhiata alla pagina su <span style=\"text-decoration: underline;\"><strong><a href=\"https:\/\/www.capdagdefrance.co.uk\/italian\/arrivare\/guidare-parcheggio\/\">come arrivare a Cap d\u2019Agde in auto.<\/a><\/strong><\/span><\/p>\n\n\n\n<h2 class=\"wp-block-heading\">Guidare a Cap d\u2019Agde \u2013 i vostri commenti:<\/h2>\n\n\n\n<blockquote class=\"wp-block-quote is-layout-flow wp-block-quote-is-layout-flow\">\n<p>\u201c Ci sono circa 850 miglia da Calais a Cap, quindi, a 100 miglia all\u2019ora, ci vorrebbero circa otto ore e mezza. Se non usate l\u2019autostrada ci vuole molto di pi\u00f9 dato che la velocit\u00e0 massima \u00e8 55 miglia all\u2019ora e se vi beccano fanno multe immediate di 100 Euro e se non pagate non vi fanno andare. Se siete molto al di sopra del limite, vi sequestrano l\u2019auto immediatamente. La polizia francese \u00e8 severa!&#8221;<\/p>\n<cite>Marco DeMatteo 2020<\/cite><\/blockquote>\n\n\n\n<p>Se non volete usare l\u2019autostrada il tragitto migliore \u00e8 &nbsp;Rouen, Evereux, Dreux, Chartres.<\/p>\n\n\n\n<p>A meno che partiate molto presto e continuate, Rouen \u00e8 un buon posto in cui fermarsi per la notte e poi imboccare la A10 all\u2019entrata 13 a Atney.<\/p>\n\n\n\n<p>Se non avete fatto tardi vale la pena di continuare per <a href=\"https:\/\/www.travelglobe.it\/bourges-francia-cosa-vedere-valle-della-loira\/\" target=\"_blank\" rel=\"noreferrer noopener\" label=\"Burges  (opens in a new tab)\">Burges <\/a>all\u2019uscita 7 dove ci sono vari alberghi ai lati della strada ed \u00e8 in una buona postazione per fermarsi. Ricordatevi per\u00f2 che se aspettate fino a dopo le 18 potrete non trovare un posto in cui stare da nessuna parte.<\/p>\n\n\n\n<p>In qual caso dovrete probabilmente guidare tutta la notte o dormire in macchina! Infatti noi non siamo riusciti a trovare alloggio a Rouen alle cinque del pomeriggio alla fine di giugno!\u201d<\/p>\n\n\n\n<blockquote class=\"wp-block-quote is-layout-flow wp-block-quote-is-layout-flow\">\n<p>\u201cIo ho guidato da Calais a <a href=\"https:\/\/www.capdagdefrance.co.uk\/italian\/aeroporti\/\">Perpignan <\/a>un paio d\u2019anni fa, non lontano da Agde. Abbiamo fatto una strada un po\u2019 pi\u00f9 lunga: &nbsp;Le Mans, Tours, Limoges perch\u00e9 ho voluto evitare <a href=\"https:\/\/www.capdagdefrance.co.uk\/italian\/parigi\/\">Parigi <\/a>del tutto. Ci sono voluti due giorni di guida con calma e per lo pi\u00f9 al di fuori delle autostrade. Raccomando la catena Logis di B&amp;B e pensioni. Non sono propenso ad andare all\u2019avventura per\u00f2 quando si tratta di trovare un alloggio, specialmente in estate, quindi ho calcolato le distanze che avremmo percorso ed ho prenotato in anticipo. Ha funzionato perfettamente in entrambe le direzioni\u201d.<\/p>\n<cite>MJ 2020<\/cite><\/blockquote>\n\n\n\n<div class=\"wp-block-image\"><figure class=\"aligncenter size-large\"><a href=\"https:\/\/www.capdagdefrance.co.uk\/italian\/e-libro\/\"><img loading=\"lazy\" decoding=\"async\" width=\"560\" height=\"315\" src=\"https:\/\/www.capdagdefrance.co.uk\/italian\/wp-content\/uploads\/2020\/01\/ebook-nudista.jpg\" alt=\"eBook nudista per Cap d'Agde\" class=\"wp-image-1840\" srcset=\"https:\/\/www.capdagdefrance.co.uk\/italian\/wp-content\/uploads\/2020\/01\/ebook-nudista.jpg 560w, https:\/\/www.capdagdefrance.co.uk\/italian\/wp-content\/uploads\/2020\/01\/ebook-nudista-300x169.jpg 300w\" sizes=\"(max-width: 560px) 100vw, 560px\" \/><\/a><figcaption><span style=\"text-decoration: underline;\"><strong><a href=\"https:\/\/www.capdagdefrance.co.uk\/italian\/e-libro\/\">Clicca per saperne di pi\u00fa e per comprare l\u2019eBook<\/a><\/strong><\/span><\/figcaption><\/figure><\/div>\n","protected":false},"excerpt":{"rendered":"<p>Se sapete guidare e ve lo potete permettere, affittare una macchina pu\u00f2 essere un ottimo modo di arrivare al complesso naturista di Cap d\u2019Agde. In questo modo vi eviterete il viaggio dall\u2019aeroporto e dalla stazione ferroviaria ed il bisogno di prendere un autobus. Guidare in Francia Noleggiare un\u2019auto all\u2019aeroporto in cui atterrate, pu\u00f2 migliorare la [&hellip;]<\/p>\n","protected":false},"author":1,"featured_media":14350,"parent":845,"menu_order":0,"comment_status":"closed","ping_status":"closed","template":"","meta":{"_et_pb_use_builder":"","_et_pb_old_content":"","_et_gb_content_width":"","_lmt_disableupdate":"no","_lmt_disable":"","footnotes":""},"class_list":["post-890","page","type-page","status-publish","has-post-thumbnail","hentry"],"_links":{"self":[{"href":"https:\/\/www.capdagdefrance.co.uk\/italian\/wp-json\/wp\/v2\/pages\/890","targetHints":{"allow":["GET"]}}],"collection":[{"href":"https:\/\/www.capdagdefrance.co.uk\/italian\/wp-json\/wp\/v2\/pages"}],"about":[{"href":"https:\/\/www.capdagdefrance.co.uk\/italian\/wp-json\/wp\/v2\/types\/page"}],"author":[{"embeddable":true,"href":"https:\/\/www.capdagdefrance.co.uk\/italian\/wp-json\/wp\/v2\/users\/1"}],"replies":[{"embeddable":true,"href":"https:\/\/www.capdagdefrance.co.uk\/italian\/wp-json\/wp\/v2\/comments?post=890"}],"version-history":[{"count":1,"href":"https:\/\/www.capdagdefrance.co.uk\/italian\/wp-json\/wp\/v2\/pages\/890\/revisions"}],"predecessor-version":[{"id":14352,"href":"https:\/\/www.capdagdefrance.co.uk\/italian\/wp-json\/wp\/v2\/pages\/890\/revisions\/14352"}],"up":[{"embeddable":true,"href":"https:\/\/www.capdagdefrance.co.uk\/italian\/wp-json\/wp\/v2\/pages\/845"}],"wp:featuredmedia":[{"embeddable":true,"href":"https:\/\/www.capdagdefrance.co.uk\/italian\/wp-json\/wp\/v2\/media\/14350"}],"wp:attachment":[{"href":"https:\/\/www.capdagdefrance.co.uk\/italian\/wp-json\/wp\/v2\/media?parent=890"}],"curies":[{"name":"wp","href":"https:\/\/api.w.org\/{rel}","templated":true}]}}