{"id":880,"date":"2020-01-02T13:45:50","date_gmt":"2020-01-02T13:45:50","guid":{"rendered":"http:\/\/www.capdagdefrance.co.uk\/italian\/?page_id=880"},"modified":"2023-11-09T10:43:07","modified_gmt":"2023-11-09T10:43:07","slug":"guidare-parcheggio","status":"publish","type":"page","link":"https:\/\/www.capdagdefrance.co.uk\/italian\/arrivare\/guidare-parcheggio\/","title":{"rendered":"Andare in macchina verso Cap d\u2019Agde e parcheggiare"},"content":{"rendered":"\n<figure class=\"wp-block-image aligncenter size-large is-style-rounded\"><img loading=\"lazy\" decoding=\"async\" width=\"675\" height=\"380\" src=\"https:\/\/www.capdagdefrance.co.uk\/italian\/wp-content\/uploads\/2020\/01\/driving-cap-dagde-village.jpg\" alt=\"macchina verso Cap d\u2019Agde\" class=\"wp-image-2109\" srcset=\"https:\/\/www.capdagdefrance.co.uk\/italian\/wp-content\/uploads\/2020\/01\/driving-cap-dagde-village.jpg 675w, https:\/\/www.capdagdefrance.co.uk\/italian\/wp-content\/uploads\/2020\/01\/driving-cap-dagde-village-300x169.jpg 300w, https:\/\/www.capdagdefrance.co.uk\/italian\/wp-content\/uploads\/2020\/01\/driving-cap-dagde-village-600x338.jpg 600w\" sizes=\"(max-width: 675px) 100vw, 675px\" \/><\/figure>\n\n\n\n<h2 class=\"wp-block-heading\">Da Ventimiglia ad Agde<\/h2>\n\n\n\n<p>Venendo dall\u2019Italia, nella maggior parte dei casi (tranne forse se andate da Torino) conviene imboccare la <a href=\"https:\/\/www.autostrade.it\/autostrade-gis\/rete.do?op=caselli&amp;cod=A10\" target=\"_blank\" rel=\"noreferrer noopener\" aria-label=\"Genova\/Ventimiglia (opens in a new tab)\">Genova\/Ventimiglia<\/a> A10\/E80 fino al confine con la Francia. Dal confine in poi si prosegue sulla A8 per circa 224 Km.<\/p>\n\n\n\n<p>All\u2019altezza di Coudoux, imboccare la A7 per 10 Km e poi prendere la A54\/E80 e proseguire per circa 25 Km.<\/p>\n\n\n\n<p>Continuare poi sulla N113 da Saint-Martin-de-Crau&nbsp; per 20 Km circa, quindi proseguire sulla N572 da Arles in poi e quindi sulla A54 per 23 Km circa.<\/p>\n\n\n\n<p>All\u2019 altezza di Nimes, al bivio seguite le indicazioni per A54\/E15\/E80\/Gallargues\/Montpellier\/Toulose\/Barcelone ed entrate in A9\/E15\/E80 e proseguite per 94 Km circa.<\/p>\n\n\n\n<p>Dall\u2019autostrada Autoroute A9 &#8220;Languedocienne&#8221;, prendete l\u2019uscita numero 34 per &#8220;Agde&#8221; verso P\u00e9zenas\/Vias\/Bessan e poi imboccate la D612A verso Vias\/Agde\/Cap d\u2019Agde\/A\u00e9roport Bezi\u00e8rs-Cap d\u2019Agde.<\/p>\n\n\n\n<p>Continuate sulla D612 e dopo circa 14 chilometri la strada si divide andando a sinistra (est) verso Sete e a destra (ovest) verso Beziers. Seguite le indicazioni per Agde e Le Cap d\u2019Agde.<\/p>\n\n\n\n<p>In macchina, Cap d\u2019Agde si raggiunge facilmente in circa 4 ore dal confine di Ventimiglia in autostrada.<\/p>\n\n\n\n<h2 class=\"wp-block-heading\">Noleggiare un&#8217;auto in Francia o in Spagna per andare ad Agde<\/h2>\n\n\n\n<p>Volare a <a href=\"https:\/\/www.capdagdefrance.co.uk\/italian\/escursioni\/\">Montpellier<\/a> e <a href=\"https:\/\/www.capdagdefrance.co.uk\/italian\/arrivare\/autonoleggio\/\">noleggiare un\u2019auto<\/a> pu\u00f2 anche essere un buon modo di raggiungere il villaggio naturista di Cap d\u2019Agde se vi piace potervi spostare ed avere una macchina a disposizione.<\/p>\n\n\n\n<p>Ci sono molte agenzie di noleggio auto a Montpellier ma \u00e8 sempre meglio prenotare in anticipo.<\/p>\n\n\n\n<p>\u00c8 di gran lunga il modo pi\u00f9 veloce e meno stressante di andare e tornare e potersi spostare durante tutta la vacanza. Andare in aereo a Girona, Spagna, e noleggiare un\u2019auto l\u00ec a volte costa molto meno che il noleggio auto in Francia.<\/p>\n\n\n\n<p>Ci sono 220 km tra Girona e Agde. Vale la pena di considerare la possibilit\u00e0 di guidare.<\/p>\n\n\n\n<p>Un\u2019altra possibilit\u00e0 \u00e8 prendere l\u2019aereo per <a href=\"https:\/\/www.capdagdefrance.co.uk\/italian\/aeroporti\/\">Tolosa <\/a>(dato che \u00e8 l\u2019aeroporto nel sud della Francia con il maggior numero di collegamenti con l\u2019Italia al momento) e ci sono pi\u00f9 o meno 210 Km tra Tolosa e Cap d\u2019Agde.<\/p>\n\n\n\n<h2 class=\"wp-block-heading\">Vantaggi di avere un&#8217;auto a disposizione ad Agde<\/h2>\n\n\n\n<p>Se avete pi\u00f9 di dieci giorni a diposizione per le vostre vacanze, andare e Cap d\u2019Agde in macchina pu\u00f2 essere molto rilassante.<\/p>\n\n\n\n<p>\u00c8 anche molto pi\u00f9 facile se volete uscire dal villaggio e fare la spesa all\u2019ipermercato. Se pensate di fare gite intorno ad Agde e la Linguadoca, una macchina \u00e8 molto utile.<\/p>\n\n\n\n<p>Parcheggiare non \u00e8 un problema e, se state in campeggio, c\u2019\u00e8 molto spazio in cui posteggiare la macchina.<\/p>\n\n\n\n<div class=\"wp-block-image\"><figure class=\"aligncenter size-large\"><a href=\"https:\/\/www.capdagdefrance.co.uk\/resources\/\" target=\"_blank\" rel=\"noreferrer noopener\"><img loading=\"lazy\" decoding=\"async\" width=\"470\" height=\"215\" src=\"https:\/\/www.capdagdefrance.co.uk\/italian\/wp-content\/uploads\/2020\/01\/resources-capdagde.png\" alt=\"Cap d'Age resources\" class=\"wp-image-1951\" srcset=\"https:\/\/www.capdagdefrance.co.uk\/italian\/wp-content\/uploads\/2020\/01\/resources-capdagde.png 470w, https:\/\/www.capdagdefrance.co.uk\/italian\/wp-content\/uploads\/2020\/01\/resources-capdagde-300x137.png 300w\" sizes=\"(max-width: 470px) 100vw, 470px\" \/><\/a><figcaption><span style=\"text-decoration: underline;\"><strong><a href=\"https:\/\/www.capdagdefrance.co.uk\/resources\/\" target=\"_blank\" rel=\"noreferrer noopener\" aria-label=\"CLICK FOR Cap d&#039;Agde Resources (opens in a new tab)\">CLICK FOR Cap d&#8217;Agde Resources<\/a><\/strong><\/span><\/figcaption><\/figure><\/div>\n\n\n\n<h2 class=\"wp-block-heading\">I vostri commenti<\/h2>\n\n\n\n<p>Questo commento viene da un viaggiatore che vive in Inghilterra, quindi il suo tragitto \u00e8 diverso da chi proviene dall\u2019Italia.<\/p>\n\n\n\n<p>Ciononostante pu\u00f2 dare un\u2019idea di quanto sia fattibile andare a Cap d\u2019Agde in macchina da altri paesi europei.<\/p>\n\n\n\n<p>\u201cHo guidato verso Cap 4 settimane fa. Ho fatto 765 miglia, in base al contachilometri della macchina da casa mia nella zona nord di Londra fino al villaggio.<\/p>\n\n\n\n<p>So che ci sono approssimativamente 100 miglia da casa mia a Dover, quindi ci sono circa 660 miglia da Calais a Cap.<\/p>\n\n\n\n<p>Di solito vado verso Parigi e poi Orleans, Bourges, Clermont Ferrand, attraverso il viadotto di Millau e quindi arrivo al villaggio.<\/p>\n\n\n\n<p>Mi ricordo che ho speso circa 20 Euro di pedaggio per Parigi, 39 Euro per Clermont e 11 Euro per il viadotto di Millau. Il resto \u00e8 gratis.<\/p>\n\n\n\n<p>Per quanto riguarda i tempi, prendo sempre un traghetto il mattino presto da Dover, cos\u00ec arrivo in Francia in mattinata.<\/p>\n\n\n\n<p>Quest\u2019anno sono arrivato a Calais verso le 9.30, ho superato Parigi prima di pranzo e Clermont verso le 8 di sera.<\/p>\n\n\n\n<p>Dopo continuo un po\u2019 prima di fermarmi da qualche parte prima di Millau per dormire qualche ora.<\/p>\n\n\n\n<p>\u00c8 bello vedere il sorgere del sole sul ponte di Millau. Quindi riparto per il villaggio verso le 9.30.<\/p>\n\n\n\n<p>Mi fermo spesso e non eccedo i limiti di velocit\u00e0 perch\u00e9 rimorchio una roulotte e di solito mi mantengo intorno alle 60 miglia all\u2019ora.<\/p>\n\n\n\n<p>Con l\u2019autostrada abbiamo calcolato che ci sono circa 780 miglia da Calais a Le Cap. Con tre brevi pause di ristoro e per fare benzina si pu\u00f2 fare il viaggio in 12 ore, attenendosi ai limiti di velocit\u00e0. Sono contento di non dover fare il viaggio ogni anno, ora che ci siamo trasferiti definitivamente!\u201d<\/p>\n\n\n\n<div class=\"wp-block-image\"><figure class=\"aligncenter size-large\"><a href=\"https:\/\/www.capdagdefrance.co.uk\/italian\/e-libro\/\"><img loading=\"lazy\" decoding=\"async\" width=\"560\" height=\"315\" src=\"https:\/\/www.capdagdefrance.co.uk\/italian\/wp-content\/uploads\/2020\/01\/ebook-nudista.jpg\" alt=\"eBook nudista per Cap d'Agde\" class=\"wp-image-1840\" srcset=\"https:\/\/www.capdagdefrance.co.uk\/italian\/wp-content\/uploads\/2020\/01\/ebook-nudista.jpg 560w, https:\/\/www.capdagdefrance.co.uk\/italian\/wp-content\/uploads\/2020\/01\/ebook-nudista-300x169.jpg 300w\" sizes=\"(max-width: 560px) 100vw, 560px\" \/><\/a><figcaption><span style=\"text-decoration: underline;\"><strong><a href=\"https:\/\/www.capdagdefrance.co.uk\/italian\/e-libro\/\">Clicca per saperne di pi\u00fa e per comprare l\u2019eBook<\/a><\/strong><\/span><\/figcaption><\/figure><\/div>\n\n\n\n<h2 class=\"wp-block-heading\">Parcheggiare nel villaggio<\/h2>\n\n\n\n<p>Trovare parcheggio non \u00e8 un problema se state in campeggio, perch\u00e9 vi danno una piazzola che \u00e8 abbastanza grande per una macchina e altri veicoli.<\/p>\n\n\n\n<p>Se affittate un appartamento, posteggiare pu\u00f2 essere un problema e vi conviene chiedere quando prenotate com\u2019\u00e8 la situazione riguardo al parcheggio e se c\u2019\u00e8 uno spazio riservato.<\/p>\n\n\n\n<p>Se state in uno degli alberghi, come Natureva Spa or Oz Inn Hotel, di solito c\u2019\u00e8 il parcheggio.<\/p>\n\n\n\n<p>Comunque ricordatevi di dire alla ricezione che avete una macchina posteggiata e di dare il numero di targa.<\/p>\n\n\n\n<div class=\"wp-block-image\"><figure class=\"aligncenter size-large\"><a href=\"https:\/\/www.booking.com\/hotel\/fr\/residence-hoteliere-natureva-spa.it.html?aid=374052\" target=\"_blank\" rel=\"NoFollow noopener\"><img loading=\"lazy\" decoding=\"async\" width=\"560\" height=\"315\" src=\"https:\/\/www.capdagdefrance.co.uk\/italian\/wp-content\/uploads\/2020\/01\/lalbergo-natureva-spa.jpg\" alt=\"L'albergo Natureva Spa in Cap d'Agde\" class=\"wp-image-1856\" srcset=\"https:\/\/www.capdagdefrance.co.uk\/italian\/wp-content\/uploads\/2020\/01\/lalbergo-natureva-spa.jpg 560w, https:\/\/www.capdagdefrance.co.uk\/italian\/wp-content\/uploads\/2020\/01\/lalbergo-natureva-spa-300x169.jpg 300w\" sizes=\"(max-width: 560px) 100vw, 560px\" \/><\/a><figcaption><span style=\"text-decoration: underline;\"><a href=\"https:\/\/www.booking.com\/hotel\/fr\/residence-hoteliere-natureva-spa.it.html?aid=374052\" target=\"_blank\" rel=\"noreferrer noopener\">Cliccate per prenotare l&#8217;albergo Natureva Spa Cap d&#8217;Agde<\/a><\/span><\/figcaption><\/figure><\/div>\n","protected":false},"excerpt":{"rendered":"<p>Da Ventimiglia ad Agde Venendo dall\u2019Italia, nella maggior parte dei casi (tranne forse se andate da Torino) conviene imboccare la Genova\/Ventimiglia A10\/E80 fino al confine con la Francia. Dal confine in poi si prosegue sulla A8 per circa 224 Km. All\u2019altezza di Coudoux, imboccare la A7 per 10 Km e poi prendere la A54\/E80 e [&hellip;]<\/p>\n","protected":false},"author":1,"featured_media":2109,"parent":845,"menu_order":0,"comment_status":"open","ping_status":"closed","template":"","meta":{"_et_pb_use_builder":"","_et_pb_old_content":"","_et_gb_content_width":"","_lmt_disableupdate":"no","_lmt_disable":"","footnotes":""},"class_list":["post-880","page","type-page","status-publish","has-post-thumbnail","hentry"],"_links":{"self":[{"href":"https:\/\/www.capdagdefrance.co.uk\/italian\/wp-json\/wp\/v2\/pages\/880","targetHints":{"allow":["GET"]}}],"collection":[{"href":"https:\/\/www.capdagdefrance.co.uk\/italian\/wp-json\/wp\/v2\/pages"}],"about":[{"href":"https:\/\/www.capdagdefrance.co.uk\/italian\/wp-json\/wp\/v2\/types\/page"}],"author":[{"embeddable":true,"href":"https:\/\/www.capdagdefrance.co.uk\/italian\/wp-json\/wp\/v2\/users\/1"}],"replies":[{"embeddable":true,"href":"https:\/\/www.capdagdefrance.co.uk\/italian\/wp-json\/wp\/v2\/comments?post=880"}],"version-history":[{"count":2,"href":"https:\/\/www.capdagdefrance.co.uk\/italian\/wp-json\/wp\/v2\/pages\/880\/revisions"}],"predecessor-version":[{"id":14343,"href":"https:\/\/www.capdagdefrance.co.uk\/italian\/wp-json\/wp\/v2\/pages\/880\/revisions\/14343"}],"up":[{"embeddable":true,"href":"https:\/\/www.capdagdefrance.co.uk\/italian\/wp-json\/wp\/v2\/pages\/845"}],"wp:featuredmedia":[{"embeddable":true,"href":"https:\/\/www.capdagdefrance.co.uk\/italian\/wp-json\/wp\/v2\/media\/2109"}],"wp:attachment":[{"href":"https:\/\/www.capdagdefrance.co.uk\/italian\/wp-json\/wp\/v2\/media?parent=880"}],"curies":[{"name":"wp","href":"https:\/\/api.w.org\/{rel}","templated":true}]}}