{"id":857,"date":"2020-01-01T13:51:32","date_gmt":"2020-01-01T13:51:32","guid":{"rendered":"http:\/\/www.capdagdefrance.co.uk\/italian\/?page_id=857"},"modified":"2023-11-09T10:57:42","modified_gmt":"2023-11-09T10:57:42","slug":"treno","status":"publish","type":"page","link":"https:\/\/www.capdagdefrance.co.uk\/italian\/arrivare\/treno\/","title":{"rendered":"Arrivare in Treno a Cap d&#8217;Agde"},"content":{"rendered":"\n<figure class=\"wp-block-image aligncenter size-full is-resized is-style-rounded\"><a href=\"https:\/\/www.capdagdefrance.co.uk\/italian\/wp-content\/uploads\/2023\/11\/sncf-agde.jpg\"><img loading=\"lazy\" decoding=\"async\" width=\"810\" height=\"450\" src=\"https:\/\/www.capdagdefrance.co.uk\/italian\/wp-content\/uploads\/2023\/11\/sncf-agde.jpg\" alt=\"Treni per Agde\" class=\"wp-image-14347\" style=\"width:625px\" srcset=\"https:\/\/www.capdagdefrance.co.uk\/italian\/wp-content\/uploads\/2023\/11\/sncf-agde.jpg 810w, https:\/\/www.capdagdefrance.co.uk\/italian\/wp-content\/uploads\/2023\/11\/sncf-agde-480x267.jpg 480w\" sizes=\"(min-width: 0px) and (max-width: 480px) 480px, (min-width: 481px) 810px, 100vw\" \/><\/a><\/figure>\n\n\n\n<h2 class=\"wp-block-heading\">Arrivare in Treno &#8211; Cap d&#8217;Agde<\/h2>\n\n\n\n<p>La stazione pi\u00f9 vicina al villaggio naturista \u00e8 la stazione ferroviaria di AGDE. Quando navigate il sito francese dei treni SNCF, assicuratevi di cercare AGDE a non Cap d\u2019Agde.<\/p>\n\n\n\n<p>La stazione ferroviaria locale \u00e8 nel centro di Agde e non al Cap (Capo) di Agde.<\/p>\n\n\n\n<p>Non preoccupatevi per\u00f2, perch\u00e9 in 15 minuti col taxi potete andare dalla stazione dei treni direttamente al villaggio naturista. Aspettatevi di pagare dai 18 ai 23&nbsp;Euro circa sola andata.<\/p>\n\n\n\n<p>Se preferite prender l&#8217;autobus, troveret la fermata all\u2019uscita della stazione ferroviaria di Agde. Per 2 Euro circa l&#8217;autobus vi porta all\u2019entrata del quartiere naturista in men che non si dica. Prendere il taxi vi far\u00e0 risparmiare forse solo 15 \u2013 30 minuti.<\/p>\n\n\n\n<h2 class=\"wp-block-heading\">Indirizzo della Stazione Ferroviaria di Agde<\/h2>\n\n\n\n<p>Rue de la Digue, 34300, Agde, France.<\/p>\n\n\n\n<iframe src=\"https:\/\/www.google.com\/maps\/embed?pb=!1m14!1m8!1m3!1d23222.977481383576!2d3.46653!3d43.316935!3m2!1i1024!2i768!4f13.1!3m3!1m2!1s0x12b13c56269a64ab%3A0xf1248b5fb919ccc4!2sRue%20de%20la%20Digue%2C%2034300%20Agde%2C%20France!5e0!3m2!1sen!2suk!4v1625071565581!5m2!1sen!2suk\" width=\"400\" height=\"300\" style=\"border:0;\" allowfullscreen=\"\" loading=\"lazy\"><\/iframe>\n\n\n\n<h2 class=\"wp-block-heading\">Agde da Monte Carlo, Marsiglia, Cannes e Nizza<\/h2>\n\n\n\n<p>Ci sono collegamenti ferroviari che portano all\u2019estremit\u00e0 della costa meridionale della Francia, anche se sono pi\u00f9 lenti del TGV ad alta velocit\u00e0.<\/p>\n\n\n\n<p>Da Nizza vi ci vorranno circa 5 o 6 ore per arrivare ad Agde anche se, al momento in cui scriviamo, non ci sono treni diretti. Dovrete cambiare almeno una volta, a Marsiglia o a Montpellier (alcune rotte passano per Avignone). Potete controllare gli orari ed i prezzi su www.voyages-sncf.com<\/p>\n\n\n\n<h2 class=\"wp-block-heading\">Dalla Germania ad Agde<\/h2>\n\n\n\n<p>Se cercate di prenotare un itinerario dalla Germania alla Francia per arrivare ad Agde usando il sito delle ferrovie tedesche Deutsche Bahn, pu\u00f2 essere pi\u00f9 facile che usare il sito della SNCF ed il sito si pu\u00f2 usare in tedesco o in inglese.<\/p>\n\n\n\n<p>Commenti di un visitatore: Potete prendere il TGV da Parigi ad Agde. Noi siamo arrivati a Charles de Gaulle ed abbiamo preso il TGV da CDG ad Agde, che ci ha messo 4 ore e mezza circa. Dovreste anche poter prendere il TGV dalla Gare de Lion a Parigi se non arrivate in aereo, coster\u00e0 meno. Il taxi dalla stazione a Cap d\u2019Agde costa 25 Euro circa.<\/p>\n\n\n\n<h2 class=\"wp-block-heading\">Treni dall\u2019Italia<\/h2>\n\n\n\n<p>Dall\u2019Italia, la citt\u00e0 con le connessioni migliori per Agde \u00e8 Torino da cui si fanno due o tre cambi passando da Lyon e Montpellier.<\/p>\n\n\n\n<p>Il treno da Torino a Agde, inclusi i cambi, ci pu\u00f2 mettere dalle 8 alle 13 ore. Si pu\u00f2 andare anche da Milano cambiando a Lyon e Montpellier o a Dijon e Nimes e il tempo di viaggio va da circa 10 a 13 ore.<\/p>\n\n\n\n<p>Gli orari dei treni si possono trovare sul sito delle <a href=\"https:\/\/www.trenitalia.com\/\" target=\"_blank\" rel=\"noreferrer noopener\" aria-label=\" (opens in a new tab)\">ferrovie italiane<\/a>&nbsp;oppure sul sito delle <a href=\"https:\/\/www.bahn.com\/\" target=\"_blank\" rel=\"noreferrer noopener\" aria-label=\" (opens in a new tab)\">ferrovie tedesche<\/a> che ha orari per tutta l\u2019Europa.<\/p>\n\n\n\n<h2 class=\"wp-block-heading\">Treni per Agde da Parigi<\/h2>\n\n\n\n<p>Se prima di recarvi a Cap d\u2019Agde volete fare un salto a Parigi, da l\u00ec \u00e8 facile prendere il treno per Agde.<\/p>\n\n\n\n<p>C\u2019\u00e8 una linea SNCF diretta tra Parigi ed il sud della Francia, dove la fermata principale \u00e8 Montpellier. Da Montpellier potete prendere il treno locale che arriva in circa 30 minuti alla stazione di Agde.<\/p>\n\n\n\n<figure class=\"wp-block-image aligncenter size-large\"><a href=\"https:\/\/www.booking.com\/hotel\/fr\/oz-inn.it.html?aid=374052\" target=\"_blank\" rel=\"noreferrer noopener nofollow sponsored\"><img loading=\"lazy\" decoding=\"async\" width=\"560\" height=\"315\" src=\"https:\/\/www.capdagdefrance.co.uk\/italian\/wp-content\/uploads\/2020\/01\/albergo-naturista-oz-inn.jpg\" alt=\"Albergo naturista Oz Inn in Cap d'Agde\" class=\"wp-image-1875\" srcset=\"https:\/\/www.capdagdefrance.co.uk\/italian\/wp-content\/uploads\/2020\/01\/albergo-naturista-oz-inn.jpg 560w, https:\/\/www.capdagdefrance.co.uk\/italian\/wp-content\/uploads\/2020\/01\/albergo-naturista-oz-inn-300x169.jpg 300w\" sizes=\"(max-width: 560px) 100vw, 560px\" \/><\/a><figcaption class=\"wp-element-caption\"><span style=\"text-decoration: underline;\"><strong><a href=\"https:\/\/www.booking.com\/hotel\/fr\/oz-inn.it.html?aid=374052\" target=\"_blank\" rel=\"noreferrer noopener nofollow\" aria-label=\"Cliccate per prenotare l&#039;albergo naturista Oz INN (opens in a new tab)\">Cliccate per prenotare l&#8217;albergo naturista Oz INN<\/a><\/strong><\/span><\/figcaption><\/figure>\n\n\n\n<p>I treni sembrano esserci ogni ora circa ed i biglietti costano circa 85 Euro (solo andata seconda classe) e 95 Euro (solo andata prima classe). (Queste tariffe possono cambiare e vanno confermate con il servizio di rete ferroviaria francese).<\/p>\n\n\n\n<p>Una volta ad Agde, potete facilmente prendere un taxi per le Cap d\u2019Agde per circa 25 Euro o <span style=\"text-decoration: underline;\"><a href=\"https:\/\/www.capdagdefrance.co.uk\/italian\/arrivare\/\">l\u2019autobus locale<\/a><\/span> (numero 273 o 274) per il villaggio naturista, la cui fermata si trova davanti alla stazione ferroviaria.<\/p>\n\n\n\n<p>Venendo da un altro paese europeo, potete prendere l\u2019Eurostar e poi cambiare sul TGV.<\/p>\n\n\n\n<h2 class=\"wp-block-heading\">Treni da Barcellona<\/h2>\n\n\n\n<p>Un\u2019altra possibilit\u00e0 \u00e8 unire il viaggio a Cap con un viaggio a Barcellona, che non si trova molto lontano ed \u00e8 una citt\u00e0 che vale la pena di visitare.<\/p>\n\n\n\n<p>Da Barcellona ci sono treni per Agde dalla stazione di Barcelona Sants, che ci mettono 4 ore circa. Potete vedere i prezzi e gli orari sul sito delle <a rel=\"noopener noreferrer\" href=\"https:\/\/www.renfe.com\/es\/en\" target=\"_blank\">ferrovie spagnole, Renfe<\/a>.<\/p>\n\n\n\n<div class=\"wp-block-image\"><figure class=\"aligncenter size-large\"><a href=\"https:\/\/www.capdagdefrance.co.uk\/italian\/e-libro\/\"><img loading=\"lazy\" decoding=\"async\" width=\"560\" height=\"315\" src=\"https:\/\/www.capdagdefrance.co.uk\/italian\/wp-content\/uploads\/2020\/01\/ebook-nudista.jpg\" alt=\"eBook nudista per Cap d'Agde\" class=\"wp-image-1840\" srcset=\"https:\/\/www.capdagdefrance.co.uk\/italian\/wp-content\/uploads\/2020\/01\/ebook-nudista.jpg 560w, https:\/\/www.capdagdefrance.co.uk\/italian\/wp-content\/uploads\/2020\/01\/ebook-nudista-300x169.jpg 300w\" sizes=\"(max-width: 560px) 100vw, 560px\" \/><\/a><figcaption><span style=\"text-decoration: underline;\"><strong><a href=\"https:\/\/www.capdagdefrance.co.uk\/italian\/e-libro\/\">Clicca per saperne di pi\u00fa e per comprare l\u2019eBook<\/a><\/strong><\/span><\/figcaption><\/figure><\/div>\n","protected":false},"excerpt":{"rendered":"<p>Arrivare in Treno &#8211; Cap d&#8217;Agde La stazione pi\u00f9 vicina al villaggio naturista \u00e8 la stazione ferroviaria di AGDE. Quando navigate il sito francese dei treni SNCF, assicuratevi di cercare AGDE a non Cap d\u2019Agde. La stazione ferroviaria locale \u00e8 nel centro di Agde e non al Cap (Capo) di Agde. Non preoccupatevi per\u00f2, perch\u00e9 [&hellip;]<\/p>\n","protected":false},"author":1,"featured_media":14347,"parent":845,"menu_order":0,"comment_status":"closed","ping_status":"closed","template":"","meta":{"_et_pb_use_builder":"","_et_pb_old_content":"","_et_gb_content_width":"","_lmt_disableupdate":"no","_lmt_disable":"","footnotes":""},"class_list":["post-857","page","type-page","status-publish","has-post-thumbnail","hentry"],"_links":{"self":[{"href":"https:\/\/www.capdagdefrance.co.uk\/italian\/wp-json\/wp\/v2\/pages\/857","targetHints":{"allow":["GET"]}}],"collection":[{"href":"https:\/\/www.capdagdefrance.co.uk\/italian\/wp-json\/wp\/v2\/pages"}],"about":[{"href":"https:\/\/www.capdagdefrance.co.uk\/italian\/wp-json\/wp\/v2\/types\/page"}],"author":[{"embeddable":true,"href":"https:\/\/www.capdagdefrance.co.uk\/italian\/wp-json\/wp\/v2\/users\/1"}],"replies":[{"embeddable":true,"href":"https:\/\/www.capdagdefrance.co.uk\/italian\/wp-json\/wp\/v2\/comments?post=857"}],"version-history":[{"count":1,"href":"https:\/\/www.capdagdefrance.co.uk\/italian\/wp-json\/wp\/v2\/pages\/857\/revisions"}],"predecessor-version":[{"id":14349,"href":"https:\/\/www.capdagdefrance.co.uk\/italian\/wp-json\/wp\/v2\/pages\/857\/revisions\/14349"}],"up":[{"embeddable":true,"href":"https:\/\/www.capdagdefrance.co.uk\/italian\/wp-json\/wp\/v2\/pages\/845"}],"wp:featuredmedia":[{"embeddable":true,"href":"https:\/\/www.capdagdefrance.co.uk\/italian\/wp-json\/wp\/v2\/media\/14347"}],"wp:attachment":[{"href":"https:\/\/www.capdagdefrance.co.uk\/italian\/wp-json\/wp\/v2\/media?parent=857"}],"curies":[{"name":"wp","href":"https:\/\/api.w.org\/{rel}","templated":true}]}}