{"id":734,"date":"2019-12-16T08:01:40","date_gmt":"2019-12-16T08:01:40","guid":{"rendered":"http:\/\/www.capdagdefrance.co.uk\/italian\/?page_id=734"},"modified":"2023-11-09T10:42:23","modified_gmt":"2023-11-09T10:42:23","slug":"internet-wifi","status":"publish","type":"page","link":"https:\/\/www.capdagdefrance.co.uk\/italian\/internet-wifi\/","title":{"rendered":"Collegamento ad internet a Cap d&#8217;Agde Villagio Nudista"},"content":{"rendered":"\n<figure class=\"wp-block-image aligncenter size-full is-resized is-style-rounded\"><a href=\"https:\/\/www.capdagdefrance.co.uk\/italian\/wp-content\/uploads\/2023\/11\/internet-accesso-cap-dagde.jpg\"><img loading=\"lazy\" decoding=\"async\" width=\"810\" height=\"450\" src=\"https:\/\/www.capdagdefrance.co.uk\/italian\/wp-content\/uploads\/2023\/11\/internet-accesso-cap-dagde.jpg\" alt=\"Wifi and internet Cap d'Agde\" class=\"wp-image-14341\" style=\"width:625px\" srcset=\"https:\/\/www.capdagdefrance.co.uk\/italian\/wp-content\/uploads\/2023\/11\/internet-accesso-cap-dagde.jpg 810w, https:\/\/www.capdagdefrance.co.uk\/italian\/wp-content\/uploads\/2023\/11\/internet-accesso-cap-dagde-480x267.jpg 480w\" sizes=\"(min-width: 0px) and (max-width: 480px) 480px, (min-width: 481px) 810px, 100vw\" \/><\/a><\/figure>\n\n\n\n<p>Una domanda sempre pi\u00f9 frequente che si pone oggigiorno e che riflette l\u2019importanza che la tecnologia riveste ai giorni nostri, anche in vacanza, \u00e8 per sapere se nel villaggio c\u2019\u00e8 la connessione a internet, in particolare WiFi.<\/p>\n\n\n\n<p>Con gli iPad, i cellulari, e i computer portatili, ci si aspetta ormai di accedere a internet ovunque.<\/p>\n\n\n\n<p>Dato che il villaggio di Cap d\u2019Agde si trova in Francia, non \u00e8 in uno dei posti pi\u00f9 all\u2019avanguardia che ci possano essere per quanto riguarda internet e l\u2019accesso WiFi, ma \u00e8 possibile collegarsi, se vi trovate nel tipo di alloggio giusto e\/o siete fortunati con la posizione della vostra piazzola in campeggio.<\/p>\n\n\n\n<figure class=\"wp-block-image aligncenter size-large\"><img loading=\"lazy\" decoding=\"async\" width=\"409\" height=\"569\" src=\"https:\/\/www.capdagdefrance.co.uk\/italian\/wp-content\/uploads\/2020\/01\/costi-internet.jpg\" alt=\"Costi di collegamenti a internet\" class=\"wp-image-2094\" srcset=\"https:\/\/www.capdagdefrance.co.uk\/italian\/wp-content\/uploads\/2020\/01\/costi-internet.jpg 409w, https:\/\/www.capdagdefrance.co.uk\/italian\/wp-content\/uploads\/2020\/01\/costi-internet-216x300.jpg 216w, https:\/\/www.capdagdefrance.co.uk\/italian\/wp-content\/uploads\/2020\/01\/costi-internet-383x533.jpg 383w, https:\/\/www.capdagdefrance.co.uk\/italian\/wp-content\/uploads\/2020\/01\/costi-internet-288x400.jpg 288w, https:\/\/www.capdagdefrance.co.uk\/italian\/wp-content\/uploads\/2020\/01\/costi-internet-273x380.jpg 273w\" sizes=\"(max-width: 409px) 100vw, 409px\" \/><\/figure>\n\n\n\n<h2 class=\"wp-block-heading\">Collegamento wireless ad internet (WiFi) nel campeggio<\/h2>\n\n\n\n<p>L\u2019accesso ad internet wireless \u00e8 adesso disponibile in tutto il campeggio ed in base alla mia esperienza personale e parlando a molte altre persone che stanno nel campeggio, il collegamento \u00e8 abbastanza buono.<\/p>\n\n\n\n<p>A volte pu\u00f2 essere sporadico e lento, ma almeno il collegamento WiFi esiste in tutto il campeggio.<\/p>\n\n\n\n<p>Molti addirittura riescono a lavorare qualche ora al giorno, mentre stanno in vacanza in campeggio.<\/p>\n\n\n\n<p>I prezzi sono molto ragionevoli e il collegamento si pu\u00f2 pagare per un giorno, vari giorni o una settimana o anche per tutta la stagione, che \u00e8 conveniente se volete stare in campeggio per tutta l\u2019estate.<\/p>\n\n\n\n<p>Se vi serve solo collegarvi sporadicamente per leggere gli email e navigare su internet, il collegamento in campeggio dovrebbe essere sufficiente.<\/p>\n\n\n\n<p>Se avete bisogno di un collegamento pi\u00f9 veloce e pi\u00f9 affidabile, forse vi conviene usare il servizio offerto da Baskin Robbins (vedete sotto).<\/p>\n\n\n\n<p>Avete usato internet wireless in campeggio?<\/p>\n\n\n\n<p>Fateci sapere com\u2019\u00e8 stata la vostra esperienza, cos\u00ec che possiamo scrivere consigli utili su questa pagina.<\/p>\n\n\n\n<p>Sicuramente altri visitatori a Cap saranno felici di saperne di pi\u00f9. Scriveteci sul&nbsp;<a href=\"http:\/\/www.capdagdefrance.co.uk\/italian\/contattateci\/\">paul (at) capdagdefrance.co.uk<\/a><\/p>\n\n\n\n<p><span style=\"color: #333333; font-family: 'Helvetica Neue', Arial, Helvetica, Geneva, sans-serif; font-size: 22px; line-height: 26px;\">Connessione ad internet negli appartamenti<\/span><\/p>\n\n\n\n<p>Se state negli appartamenti dei blocchi residenziali pu\u00f2 essere difficile ottenere il collegamento ad internet a meno che affittiate uno degli appartamenti privati con parabola satellitare e collegamento ad internet.<\/p>\n\n\n\n<p>Potete andare all\u2019ufficio di naturist.de (andate al centro commerciale e vedrete l\u2019ufficio di naturist.de), dove si pu\u00f2 acquistare una password. Il problema \u00e8 che a volte il segnale \u00e8 troppo debole.<\/p>\n\n\n\n<p>Questa \u00e8 l\u2019esperienza che io ed altri abbiamo avuto e, in realt\u00e0, ottenere il collegamento a internet pu\u00f2 essere una questione di fortuna.<\/p>\n\n\n\n<p>Se avere il collegamento nel vostro appartamento per voi \u00e8 importante, assicuratevi di chiedere quando prenotate l\u2019alloggio se c\u2019\u00e8 l\u2019accesso a internet o se l\u2019appartamento si trova nel raggio dei segnali wifi a pagamento.<\/p>\n\n\n\n<h2 class=\"wp-block-heading\">Collegamento ad internet nel villaggio<\/h2>\n\n\n\n<p>L\u2019opzione migliore per avere accesso ad internet se non state in campeggio \u00e8 andare da Baskin, all\u2019estremit\u00e0 di Port Nature.<\/p>\n\n\n\n<p>L\u00ec offrono un servizio decente per l\u2019accesso ad internet usando il vostro portatile od uno dei loro computer da tavolo che si trovano nel ristorante\/bar.<\/p>\n\n\n\n<figure class=\"wp-block-image aligncenter size-large\"><img loading=\"lazy\" decoding=\"async\" width=\"460\" height=\"187\" src=\"https:\/\/www.capdagdefrance.co.uk\/italian\/wp-content\/uploads\/2020\/01\/baskin-robbins-agde.jpg\" alt=\"Baskin Robbins\" class=\"wp-image-2097\" srcset=\"https:\/\/www.capdagdefrance.co.uk\/italian\/wp-content\/uploads\/2020\/01\/baskin-robbins-agde.jpg 460w, https:\/\/www.capdagdefrance.co.uk\/italian\/wp-content\/uploads\/2020\/01\/baskin-robbins-agde-300x122.jpg 300w\" sizes=\"(max-width: 460px) 100vw, 460px\" \/><\/figure>\n\n\n\n<h2 class=\"wp-block-heading\">Collegamento con iPhone e chiavette internet ricaricabili<\/h2>\n\n\n\n<p>Molte persone si collegano a internet tramite i telefonini, per esempio Blackberry or iPhone e questo dipende dal contratto che avete con la compagnia telefonica che usate.<\/p>\n\n\n\n<p>L\u2019accesso WiFi pu\u00f2 essere un incubo, se avete un iPhone che non \u00e8 francese. La chiavetta ricaricabile spesso non funziona, in base ai commenti che ho ricevuto dai lettori di questo sito.<\/p>\n\n\n\n<p>Le chiavette ricaricabili non sono la soluzione migliore.<\/p>\n\n\n\n<h2 class=\"wp-block-heading\">Internet e WiFi negli alberghi<\/h2>\n\n\n\n<p>Gli alberghi quali Hotel Eve e Jardin Eden offrono collegamento a internet gratuito e, se alloggiate negli alberghi pi\u00f9 costosi nel villaggio, il collegamento dovrebbe essere possibile.<\/p>\n\n\n\n<p>Non siamo sicuri dei prezzi per questa stagione. Contattateci se lo sapete!<\/p>\n\n\n\n<div class=\"wp-block-image\"><figure class=\"aligncenter size-large\"><a href=\"https:\/\/www.capdagdefrance.co.uk\/resources\/\" target=\"_blank\" rel=\"noreferrer noopener\"><img loading=\"lazy\" decoding=\"async\" width=\"470\" height=\"215\" src=\"https:\/\/www.capdagdefrance.co.uk\/italian\/wp-content\/uploads\/2020\/01\/resources-capdagde.png\" alt=\"Cap d'Age resources\" class=\"wp-image-1951\" srcset=\"https:\/\/www.capdagdefrance.co.uk\/italian\/wp-content\/uploads\/2020\/01\/resources-capdagde.png 470w, https:\/\/www.capdagdefrance.co.uk\/italian\/wp-content\/uploads\/2020\/01\/resources-capdagde-300x137.png 300w\" sizes=\"(max-width: 470px) 100vw, 470px\" \/><\/a><figcaption><span style=\"text-decoration: underline;\"><strong><a href=\"https:\/\/www.capdagdefrance.co.uk\/resources\/\" target=\"_blank\" rel=\"noreferrer noopener\" aria-label=\"CLICK FOR Cap d'Agde Resources (opens in a new tab)\">CLICK FOR Cap d&#8217;Agde Resources<\/a><\/strong><\/span><\/figcaption><\/figure><\/div>\n","protected":false},"excerpt":{"rendered":"<p>Una domanda sempre pi\u00f9 frequente che si pone oggigiorno e che riflette l\u2019importanza che la tecnologia riveste ai giorni nostri, anche in vacanza, \u00e8 per sapere se nel villaggio c\u2019\u00e8 la connessione a internet, in particolare WiFi. Con gli iPad, i cellulari, e i computer portatili, ci si aspetta ormai di accedere a internet ovunque. [&hellip;]<\/p>\n","protected":false},"author":1,"featured_media":14341,"parent":0,"menu_order":0,"comment_status":"closed","ping_status":"closed","template":"","meta":{"_et_pb_use_builder":"","_et_pb_old_content":"","_et_gb_content_width":"","_lmt_disableupdate":"no","_lmt_disable":"","footnotes":""},"class_list":["post-734","page","type-page","status-publish","has-post-thumbnail","hentry"],"_links":{"self":[{"href":"https:\/\/www.capdagdefrance.co.uk\/italian\/wp-json\/wp\/v2\/pages\/734","targetHints":{"allow":["GET"]}}],"collection":[{"href":"https:\/\/www.capdagdefrance.co.uk\/italian\/wp-json\/wp\/v2\/pages"}],"about":[{"href":"https:\/\/www.capdagdefrance.co.uk\/italian\/wp-json\/wp\/v2\/types\/page"}],"author":[{"embeddable":true,"href":"https:\/\/www.capdagdefrance.co.uk\/italian\/wp-json\/wp\/v2\/users\/1"}],"replies":[{"embeddable":true,"href":"https:\/\/www.capdagdefrance.co.uk\/italian\/wp-json\/wp\/v2\/comments?post=734"}],"version-history":[{"count":2,"href":"https:\/\/www.capdagdefrance.co.uk\/italian\/wp-json\/wp\/v2\/pages\/734\/revisions"}],"predecessor-version":[{"id":14342,"href":"https:\/\/www.capdagdefrance.co.uk\/italian\/wp-json\/wp\/v2\/pages\/734\/revisions\/14342"}],"wp:featuredmedia":[{"embeddable":true,"href":"https:\/\/www.capdagdefrance.co.uk\/italian\/wp-json\/wp\/v2\/media\/14341"}],"wp:attachment":[{"href":"https:\/\/www.capdagdefrance.co.uk\/italian\/wp-json\/wp\/v2\/media?parent=734"}],"curies":[{"name":"wp","href":"https:\/\/api.w.org\/{rel}","templated":true}]}}