{"id":388,"date":"2020-01-09T13:25:40","date_gmt":"2020-01-09T13:25:40","guid":{"rendered":"http:\/\/www.capdagdefrance.co.uk\/italian\/?page_id=388"},"modified":"2025-11-16T17:12:45","modified_gmt":"2025-11-16T17:12:45","slug":"aeroporti","status":"publish","type":"page","link":"https:\/\/www.capdagdefrance.co.uk\/italian\/aeroporti\/","title":{"rendered":"Aeroporti in Francia con voli per Cap d&#8217;Agde e dintorni"},"content":{"rendered":"\n<figure class=\"wp-block-image aligncenter size-large\"><img loading=\"lazy\" decoding=\"async\" width=\"460\" height=\"266\" src=\"https:\/\/www.capdagdefrance.co.uk\/italian\/wp-content\/uploads\/2020\/01\/aeroporti-in-francia.jpg\" alt=\"Aeroporti in Francia\" class=\"wp-image-1977\" srcset=\"https:\/\/www.capdagdefrance.co.uk\/italian\/wp-content\/uploads\/2020\/01\/aeroporti-in-francia.jpg 460w, https:\/\/www.capdagdefrance.co.uk\/italian\/wp-content\/uploads\/2020\/01\/aeroporti-in-francia-300x173.jpg 300w\" sizes=\"(max-width: 460px) 100vw, 460px\" \/><figcaption class=\"wp-element-caption\">Aeroporti in Francia<\/figcaption><\/figure>\n\n\n\n<h2 class=\"wp-block-heading\"> <br>Aeroporti Per Le Cap d&#8217;Agde Naturiste Resort<\/h2>\n\n\n\n<p>L\u2019aeroporto di Beziers \u00e8 il pi\u00f9 vicino al villaggio naturista, ma quest\u2019aeroporto \u00e8 piccolo e non ci sono molti voli.<\/p>\n\n\n\n<p>In particolare, non ci sono voli dall\u2019Italia ma la situazione potrebbe cambiare in futuro.<\/p>\n\n\n\n<p>L\u2019altro aeroporto pi\u00f9 vicino \u00e8 Montpellier, che al momento in cui scriviamo ha collegamenti con Roma, ma si possono usare anche Tolosa e Carcassona,che attualmente ha il maggior numero di collegamenti con l\u2019Italia.<\/p>\n\n\n\n<p>Qui di seguito diamo un\u2019occhiata agli aeroporti e, se cliccate sul link, vi indirizzer\u00e0 a pagine con informazioni per ogni aeroporto.<\/p>\n\n\n\n<h2 class=\"wp-block-heading\"> Aeroporto di Beziers Cap d\u2019Agde<\/h2>\n\n\n\n<p><span style=\"text-decoration: underline;\"><strong><a href=\"https:\/\/www.capdagdefrance.co.uk\/italian\/aeroporti\/beziers\/\">Aeroporto di Beziers Cap d\u2019Agde<\/a><\/strong><\/span> \u2013 \u00e8 l\u2019aeroporto pi\u00f9 vicino al villaggio e ha molti voli della Ryanair.<\/p>\n\n\n\n<p>\u00c8 un aeroporto piuttosto piccolo ed attualmente non ci sono voli dall\u2019Italia ma, se volate da altre parti d\u2019Europa, \u00e8 molto conveniente.<\/p>\n\n\n\n<h3 class=\"wp-block-heading\">Transferimenti dall\u2019aeroporto di Beziers<\/h3>\n\n\n\n<div class=\"wp-block-image\"><figure class=\"aligncenter size-large\"><a href=\"https:\/\/www.capdagdefrance.co.uk\/airport-transfers\/\" target=\"_blank\" rel=\"noreferrer noopener\"><img loading=\"lazy\" decoding=\"async\" width=\"455\" height=\"256\" src=\"https:\/\/www.capdagdefrance.co.uk\/italian\/wp-content\/uploads\/2020\/01\/transferimenti-aeroporto-beziers.jpg\" alt=\"Transferimenti aeroporto per Beziers\" class=\"wp-image-1980\" srcset=\"https:\/\/www.capdagdefrance.co.uk\/italian\/wp-content\/uploads\/2020\/01\/transferimenti-aeroporto-beziers.jpg 455w, https:\/\/www.capdagdefrance.co.uk\/italian\/wp-content\/uploads\/2020\/01\/transferimenti-aeroporto-beziers-300x169.jpg 300w\" sizes=\"(max-width: 455px) 100vw, 455px\" \/><\/a><figcaption><span style=\"text-decoration: underline;\"><strong><a href=\"https:\/\/www.capdagdefrance.co.uk\/airport-transfers\/\" target=\"_blank\" rel=\"noreferrer noopener\" aria-label=\"Cliccate per prenotare e per saperne di pi\u00fa (opens in a new tab)\">Cliccate per prenotare e per saperne di pi\u00fa<\/a><\/strong><\/span><\/figcaption><\/figure><\/div>\n\n\n\n<p>Quest\u2019aeroporto \u00e8 piccolo, quindi non \u00e8 facile trovare taxi all\u2019uscita, ma \u00e8 l\u2019aeroporto da cui costa meno per andare al villaggio.<\/p>\n\n\n\n<p>Essendo un aeroporto molto piccolo, l\u2019aeroporto di Beziers non ha navette frequenti per il villaggio naturista.<\/p>\n\n\n\n<p>Ci sono per\u00f2 altre opzioni per muoversi tra quest\u2019aeroporto ed il villaggio naturista. Le possibilit\u00e0 sono le seguenti:<\/p>\n\n\n\n<h3 class=\"wp-block-heading\">Taxi<\/h3>\n\n\n\n<p>Di solito ci sono 1 o 2 macchine all\u2019uscita dell\u2019aeroporto di Beziers ma non di piu solitamente, cos\u00ec che ci si pu\u00f2 ritrovare bloccati all\u2019uscita dell\u2019aeroporto senza poter trovare un taxi facilmente.<\/p>\n\n\n\n<p>Per questo motivo conviene prenotare un trasferimento dall\u2019aeroporto.<\/p>\n\n\n\n<h3 class=\"wp-block-heading\">Navetta diretta da Beziers al villaggio naturista di Le Cap<\/h3>\n\n\n\n<p>In certi periodi dell\u2019anno c\u2019\u00e8 una navetta che va dall\u2019aeroporto di Beziers direttamente a Cap d\u2019Agde. Questo servizio per\u00f2 non \u00e8 sempre disponibile, quindi \u00e8 meglio prendere un taxi o noleggiare un\u2019auto. <\/p>\n\n\n\n<h3 class=\"wp-block-heading\">Autonoleggio<\/h3>\n\n\n\n<p>Noleggiare un\u2019auto all\u2019uscita dell\u2019aeroporto pu\u00f2 essere la cosa pi\u00f9 facile. Ci sono agenzie quali:<\/p>\n\n\n\n<ul class=\"wp-block-list\">\n<li>Hertz<\/li>\n\n\n\n<li><a href=\"http:\/\/www.avisautonoleggio.it\/default.aspx\" target=\"_blank\" rel=\"noreferrer noopener\">Avis<\/a><\/li>\n\n\n\n<li>Europcar<\/li>\n<\/ul>\n\n\n\n<p>che si trovano all\u2019aeroporto, di fronte all\u2019uscita principale.<\/p>\n\n\n\n<h3 class=\"wp-block-heading\">Racconto di un visitatore di Cap d\u2019Agde<\/h3>\n\n\n\n<p>\u201cC\u2019\u00e8 un autobus che va da Beziers alla stazione ferroviaria di Agde, da cui si pu\u00f2 prendere un altro autobus che va al villaggio naturista e costa solo 1 Euro.<\/p>\n\n\n\n<p>Gli autobus per\u00f2 non sono frequenti, per lo pi\u00f9 uno ogni due ore. Penso che siano pi\u00f9 frequenti in alta stagione.<\/p>\n\n\n\n<p>L\u2019autobus va anche al centro di Beziers e coincide con i voli della Ryanair. Parte circa 30 minuti dopo l\u2019arrivo del volo e anche al ritorno parte da Beziers e Agde in modo da coincidere coi voli.<\/p>\n\n\n\n<p>Gli orari sono alla fermata del autobus, di fronte all\u2019uscita dell\u2019aeroporto. L\u2019operatore degli autobus \u00e8 HERAULT TRANSPORT, linea 4.<\/p>\n\n\n\n<figure class=\"wp-block-image aligncenter size-large\"><img loading=\"lazy\" decoding=\"async\" width=\"900\" height=\"473\" src=\"https:\/\/www.capdagdefrance.co.uk\/italian\/wp-content\/uploads\/2020\/01\/village-naturiste-gare-bus.jpg\" alt=\"autobus oer Cap d'ASgde naturista villagio\" class=\"wp-image-1984\" srcset=\"https:\/\/www.capdagdefrance.co.uk\/italian\/wp-content\/uploads\/2020\/01\/village-naturiste-gare-bus.jpg 900w, https:\/\/www.capdagdefrance.co.uk\/italian\/wp-content\/uploads\/2020\/01\/village-naturiste-gare-bus-300x158.jpg 300w, https:\/\/www.capdagdefrance.co.uk\/italian\/wp-content\/uploads\/2020\/01\/village-naturiste-gare-bus-768x404.jpg 768w, https:\/\/www.capdagdefrance.co.uk\/italian\/wp-content\/uploads\/2020\/01\/village-naturiste-gare-bus-800x420.jpg 800w, https:\/\/www.capdagdefrance.co.uk\/italian\/wp-content\/uploads\/2020\/01\/village-naturiste-gare-bus-600x315.jpg 600w, https:\/\/www.capdagdefrance.co.uk\/italian\/wp-content\/uploads\/2020\/01\/village-naturiste-gare-bus-675x355.jpg 675w\" sizes=\"(max-width: 900px) 100vw, 900px\" \/><\/figure>\n\n\n\n<h2 class=\"wp-block-heading\">Aeroporto di Montpellier<\/h2>\n\n\n\n<p><a href=\"https:\/\/www.capdagdefrance.co.uk\/italian\/aeroporti\/montpellier\/\"><span style=\"text-decoration: underline;\"><strong>Aeroporto di Montpellier<\/strong><\/span><\/a> \u00e8 uno degli aeroporti pi\u00f9 usati per andare a Agde, con voli da varie localit\u00e0 e di molte compagnie aeree.<\/p>\n\n\n\n<p>\u00c8 un aeroporto di medie dimensioni ed al momento in cui scriviamo ci sono voli da Roma.<\/p>\n\n\n\n<p>\u00c8 l\u2019aeroporto pi\u00f9 comunemente usato da chi va al villaggio naturista.<\/p>\n\n\n\n<h2 class=\"wp-block-heading\">Aeroporto di Carcassona<\/h2>\n\n\n\n<p><a rel=\"noreferrer noopener\" aria-label=\"L\u2019aeroporto di Carcassonne (opens in a new tab)\" href=\"http:\/\/www.aeroport-carcassonne.com\/\" target=\"_blank\">L\u2019aeroporto di Carcassonne<\/a> \u00e8 un\u2019altra possibilit\u00e0 spesso trascurata.<\/p>\n\n\n\n<p>Quest\u2019aeroporto si trova a circa 120 Km da Cap d\u2019Agde e si pu\u00f2 andare dalla stazione ferroviaria di Carcassonne a quella di Agde col treno. L\u2019unico problema \u00e8 che al momento non ci sono voli dall\u2019Italia.<\/p>\n\n\n\n<p>Ciononostante pu\u00f2 essere utile sapere che ci sono voli per Carcassonne, in caso vi trovaste a viaggiare dal nord Europa o dal Portogallo.<\/p>\n\n\n\n<p>Oltretutto la situazione pu\u00f2 sempre cambiare e vale la pena di tenere l\u2019aeroporto di Carcassonne presente se aprissero nuove rotte dall\u2019Italia.<\/p>\n\n\n\n<div class=\"wp-block-image\"><figure class=\"aligncenter size-large\"><a href=\"https:\/\/www.capdagdefrance.co.uk\/italian\/e-libro\/\"><img loading=\"lazy\" decoding=\"async\" width=\"560\" height=\"315\" src=\"https:\/\/www.capdagdefrance.co.uk\/italian\/wp-content\/uploads\/2020\/01\/ebook-nudista.jpg\" alt=\"eBook nudista per Cap d'Agde\" class=\"wp-image-1840\" srcset=\"https:\/\/www.capdagdefrance.co.uk\/italian\/wp-content\/uploads\/2020\/01\/ebook-nudista.jpg 560w, https:\/\/www.capdagdefrance.co.uk\/italian\/wp-content\/uploads\/2020\/01\/ebook-nudista-300x169.jpg 300w\" sizes=\"(max-width: 560px) 100vw, 560px\" \/><\/a><figcaption><span style=\"text-decoration: underline;\"><strong><a href=\"https:\/\/www.capdagdefrance.co.uk\/italian\/e-libro\/\">Clicca per saperne di pi\u00fa e per comprare l\u2019eBook<\/a><\/strong><\/span><\/figcaption><\/figure><\/div>\n\n\n\n<h3 class=\"wp-block-heading\">Rotte per Carcassonne (CCF)<\/h3>\n\n\n\n<p>Potete volare a CCF da varie localit\u00e0 europee tra cui:<\/p>\n\n\n\n<ul class=\"wp-block-list\">\n<li>Brussels (Belgio)<\/li>\n\n\n\n<li>Cork e Dublino (Irlanda)<\/li>\n\n\n\n<li>Glasgow (Scozia)<\/li>\n\n\n\n<li>Bournemouth, East Midlands, Liverpool, e Londra (Inghilterra)<\/li>\n\n\n\n<li>Porto (Portogallo)<\/li>\n<\/ul>\n\n\n\n<h3 class=\"wp-block-heading\">Ubicazione dell\u2019aeroporto<\/h3>\n\n\n\n<p>Indirizzo: 3 boulevard Camille Pelletan, 11890 Carcassonne cedex 9.<br>Sito ufficiale dell\u2019aeroporto di Carcassonne per vedere le&nbsp;<a rel=\"noreferrer noopener\" href=\"http:\/\/www.aeroport-carcassonne.com\/destinations.html\" target=\"_blank\">destinazioni aggiornate<\/a>.<\/p>\n\n\n\n<div style=\"text-align: center;\">   <iframe loading=\"lazy\" src=\"https:\/\/www.google.com\/maps\/embed?pb=!1m28!1m12!1m3!1d371895.7229916391!2d2.6248190266407194!3d43.263254784283106!2m3!1f0!2f0!3f0!3m2!1i1024!2i768!4f13.1!4m13!3e6!4m5!1s0x12ae2df6c3c89fe5%3A0x59b7dc3a8f66614d!2sCarcassonne%20Airport!3m2!1d43.215751399999995!2d2.3061711!4m5!1s0x12b13b5a6ecf89d3%3A0xa132d62f604beb3d!2scap%20d'agde!3m2!1d43.2890933!2d3.5078432999999998!5e0!3m2!1sen!2suk!4v1579531809312!5m2!1sen!2suk\" width=\"600\" height=\"450\" frameborder=\"0\" style=\"border:0;\" allowfullscreen=\"\"><\/iframe>\n<\/div>\n\n\n\n<h2 class=\"wp-block-heading\">Aeroporto di Tolosa (TLS) &#8211; voli per Agde<\/h2>\n\n\n\n<p><b>L\u2019aeroporto di Tolosa <\/b>\u00e8 una considerazione, specialmente se si pensa di noleggiare un\u2019auto.<\/p>\n\n\n\n<p>Quest\u2019aeroporto \u00e8 un po\u2019 pi\u00f9 lontano rispetto a Carcassonne e potete anche da qui prendere il treno per andare a Agde da Tolosa.<\/p>\n\n\n\n<h3 class=\"wp-block-heading\">Voli per Tolosa<\/h3>\n\n\n\n<p>Ci sono voli da Milano con la Easyjet; da Roma con Easyjet, Alitalia e Airfrance; da Napoli con la Airfrance e da Venezia con la Easyjet e la Airfrance.<\/p>\n\n\n\n<p>La distanza da Cap \u00e8 di circa 150 Km. Dall\u2019aeroporto di Tolosa potete <a href=\"https:\/\/www.capdagdefrance.co.uk\/italian\/arrivare\/treno\/\">prendere il treno<\/a> per arrivare alla stazione di Agde.<\/p>\n\n\n\n<p>Il <a rel=\"noopener noreferrer\" href=\"http:\/\/www.toulouse.aeroport.fr\/\" target=\"_blank\">sito ufficiale dell\u2019aeroporto di Tolosa<\/a> vi fornir\u00e0 informazioni aggiornate.<\/p>\n\n\n\n<p>L\u2019aeroporto di Tolosa \u00e8 uno tra i pi\u00f9 lontani da Cap d\u2019Agde ed il pi\u00f9 vicino \u00e8 l\u2019aeroporto di Beziers Cap d\u2019Agde.<\/p>\n\n\n\n<p>Ciononostante dipende da dove venite, perch\u00e9 l\u2019aeroporto di Tolosa offre il maggior numero di collegamenti con l\u2019Italia attualmente.<\/p>\n\n\n\n<p>Montpellier \u00e8 una valida alternativa perch\u00e9 ci sono voli da Roma ed \u00e8 pi\u00f9 vicino rispetto a Tolosa, anche se pi\u00f9 lontano rispetto a Beziers.<\/p>\n\n\n\n<p>Tutto dipende da quale parte d\u2019Italia viaggiate e quali coincidenze vi conviene prendere, se non ci sono voli diretti dalla vostra citt\u00e0 ad uno degli aeroporti vicini ad Agde.<\/p>\n\n\n\n<h2 class=\"wp-block-heading\">Aeroporto di Perpignan<\/h2>\n\n\n\n<p>Aeroporto di Perpignan \u2013 si trova a circa 100 Km da Agde e per adesso non ci sono collegamenti dall\u2019Italia.<\/p>\n\n\n\n<p>L\u2019aeroporto di Perpignan (codice aeroportuale PGF)<b>&nbsp;<\/b>si trova a circa 100 Km da Cap d\u2019Agde, per cui, se volate qui per andare al villaggio naturista di Cap d\u2019Agde, la cosa migliore potrebbe essere affittare una macchina.<\/p>\n\n\n\n<p>Tra le citt\u00e0 connesse con Perpignan ci sono:<\/p>\n\n\n\n<ul class=\"wp-block-list\">\n<li>Londra a Southampton (Inghilterra)<\/li>\n\n\n\n<li>Brussels (Belgio)<\/li>\n\n\n\n<li>Parigi (Francia)<\/li>\n<\/ul>\n\n\n\n<p>La distanza da Cap \u00e8 approssimativamente 100 km.\u00a0Vedete il <a href=\"http:\/\/www.aeroport-perpignan.com\/destinations.html\" target=\"_blank\" rel=\"noopener noreferrer\">sito ufficiale dell\u2019aeroporto di Perpignan<\/a> per destinazioni aggiornate.<\/p>\n\n\n\n<h3 class=\"wp-block-heading\">Ubicazione dell&#8217;aeroporto<\/h3>\n\n\n\n<div style=\"text-align: center;\"><iframe loading=\"lazy\" src=\"https:\/\/www.google.com\/maps\/embed?pb=!1m28!1m12!1m3!1d520789.76713446906!2d2.6405156333993665!3d42.98183677910848!2m3!1f0!2f0!3f0!3m2!1i1024!2i768!4f13.1!4m13!3e6!4m5!1s0x12b06eb1a3b3d82d%3A0x3a0fca3aade465ff!2sPerpignan%E2%80%93Rivesaltes%20Airport%2C%20Avenue%20Maurice%20Bellonte%2C%2066000%20Perpignan%2C%20France!3m2!1d42.7413357!2d2.8714275!4m5!1s0x12b13b5a6ecf89d3%3A0xa132d62f604beb3d!2scap%20d'agde!3m2!1d43.2890933!2d3.5078432999999998!5e0!3m2!1sen!2suk!4v1579532195750!5m2!1sen!2suk\" width=\"600\" height=\"450\" frameborder=\"0\" style=\"border:0;\" allowfullscreen=\"\"><\/iframe>\n<\/div>\n\n\n\n<h2 class=\"wp-block-heading\">Trasferimenti ad Agde da Perpignan<\/h2>\n\n\n\n<div class=\"wp-block-image\"><figure class=\"aligncenter size-large\"><a href=\"https:\/\/www.capdagdefrance.co.uk\/airport-transfers\/\" target=\"_blank\" rel=\"noreferrer noopener\"><img loading=\"lazy\" decoding=\"async\" width=\"455\" height=\"256\" src=\"https:\/\/www.capdagdefrance.co.uk\/italian\/wp-content\/uploads\/2020\/01\/transferimenti-aeroporto-beziers.jpg\" alt=\"Transferimenti aeroporto per Beziers\" class=\"wp-image-1980\" srcset=\"https:\/\/www.capdagdefrance.co.uk\/italian\/wp-content\/uploads\/2020\/01\/transferimenti-aeroporto-beziers.jpg 455w, https:\/\/www.capdagdefrance.co.uk\/italian\/wp-content\/uploads\/2020\/01\/transferimenti-aeroporto-beziers-300x169.jpg 300w\" sizes=\"(max-width: 455px) 100vw, 455px\" \/><\/a><figcaption><span style=\"text-decoration: underline;\"><strong><a href=\"https:\/\/www.capdagdefrance.co.uk\/airport-transfers\/\" target=\"_blank\" rel=\"noreferrer noopener\" aria-label=\"Cliccate per prenotare e per saperne di pi\u00fa (opens in a new tab)\">Cliccate per prenotare e per saperne di pi\u00fa<\/a><\/strong><\/span><\/figcaption><\/figure><\/div>\n\n\n\n<p>Si pu\u00f2 prenotare un trasferimento dall\u2019aeroporto di Perpignano a Cap d\u2019Agde e se viaggiate in un grande gruppo pu\u00f2 essere conveniente, ma costa pi\u00f9 o meno 400 Euro sola andata.<\/p>\n\n\n\n<p>Vi conviene (se siete in pochi) <a href=\"https:\/\/www.capdagdefrance.co.uk\/italian\/arrivare\/treno\/\">prendere il treno<\/a> o noleggiare un\u2019auto.<\/p>\n\n\n\n<p>Tutti gli aeroporti di Parigi \u2013 le possibilit\u00e0 sono infinite ed abbiamo selezionato quelle che pensiamo siano le migliori.<\/p>\n\n\n\n<p>Per maggiori informazioni sugli aeroporti di Parigi ed i collegamenti, potete vedere il <a rel=\"noopener noreferrer\" href=\"http:\/\/www.aeroportsdeparis.fr\/ADP\/fr-fr\/Passagers\/accueil\/\" target=\"_blank\">sito ufficiale degli aeroporti di Parigi<\/a>.<\/p>\n\n\n\n<figure class=\"wp-block-image aligncenter size-large\"><a href=\"https:\/\/www.booking.com\/hotel\/fr\/oz-inn.it.html?aid=374052\" target=\"_blank\" rel=\"noreferrer noopener nofollow sponsored\"><img loading=\"lazy\" decoding=\"async\" width=\"560\" height=\"315\" src=\"https:\/\/www.capdagdefrance.co.uk\/italian\/wp-content\/uploads\/2020\/01\/albergo-naturista-oz-inn.jpg\" alt=\"Albergo naturista Oz Inn in Cap d'Agde\" class=\"wp-image-1875\" srcset=\"https:\/\/www.capdagdefrance.co.uk\/italian\/wp-content\/uploads\/2020\/01\/albergo-naturista-oz-inn.jpg 560w, https:\/\/www.capdagdefrance.co.uk\/italian\/wp-content\/uploads\/2020\/01\/albergo-naturista-oz-inn-300x169.jpg 300w\" sizes=\"(max-width: 560px) 100vw, 560px\" \/><\/a><figcaption class=\"wp-element-caption\"><span style=\"text-decoration: underline;\"><strong><a href=\"https:\/\/www.booking.com\/hotel\/fr\/oz-inn.it.html?aid=374052\" target=\"_blank\" rel=\"noreferrer noopener nofollow\" aria-label=\"Cliccate per prenotare l&#039;albergo naturista Oz INN (opens in a new tab)\">Cliccate per prenotare l&#8217;albergo naturista Oz INN<\/a><\/strong><\/span><\/figcaption><\/figure>\n","protected":false},"excerpt":{"rendered":"<p>Aeroporti Per Le Cap d&#8217;Agde Naturiste Resort L\u2019aeroporto di Beziers \u00e8 il pi\u00f9 vicino al villaggio naturista, ma quest\u2019aeroporto \u00e8 piccolo e non ci sono molti voli. In particolare, non ci sono voli dall\u2019Italia ma la situazione potrebbe cambiare in futuro. L\u2019altro aeroporto pi\u00f9 vicino \u00e8 Montpellier, che al momento in cui scriviamo ha collegamenti [&hellip;]<\/p>\n","protected":false},"author":1,"featured_media":1977,"parent":0,"menu_order":0,"comment_status":"closed","ping_status":"closed","template":"","meta":{"_et_pb_use_builder":"","_et_pb_old_content":"","_et_gb_content_width":"","_lmt_disableupdate":"no","_lmt_disable":"","footnotes":""},"class_list":["post-388","page","type-page","status-publish","has-post-thumbnail","hentry"],"_links":{"self":[{"href":"https:\/\/www.capdagdefrance.co.uk\/italian\/wp-json\/wp\/v2\/pages\/388","targetHints":{"allow":["GET"]}}],"collection":[{"href":"https:\/\/www.capdagdefrance.co.uk\/italian\/wp-json\/wp\/v2\/pages"}],"about":[{"href":"https:\/\/www.capdagdefrance.co.uk\/italian\/wp-json\/wp\/v2\/types\/page"}],"author":[{"embeddable":true,"href":"https:\/\/www.capdagdefrance.co.uk\/italian\/wp-json\/wp\/v2\/users\/1"}],"replies":[{"embeddable":true,"href":"https:\/\/www.capdagdefrance.co.uk\/italian\/wp-json\/wp\/v2\/comments?post=388"}],"version-history":[{"count":2,"href":"https:\/\/www.capdagdefrance.co.uk\/italian\/wp-json\/wp\/v2\/pages\/388\/revisions"}],"predecessor-version":[{"id":14554,"href":"https:\/\/www.capdagdefrance.co.uk\/italian\/wp-json\/wp\/v2\/pages\/388\/revisions\/14554"}],"wp:featuredmedia":[{"embeddable":true,"href":"https:\/\/www.capdagdefrance.co.uk\/italian\/wp-json\/wp\/v2\/media\/1977"}],"wp:attachment":[{"href":"https:\/\/www.capdagdefrance.co.uk\/italian\/wp-json\/wp\/v2\/media?parent=388"}],"curies":[{"name":"wp","href":"https:\/\/api.w.org\/{rel}","templated":true}]}}