{"id":21,"date":"2013-01-29T23:19:40","date_gmt":"2013-01-29T23:19:40","guid":{"rendered":"http:\/\/capdagdefrance.co.uk\/italian\/?page_id=21"},"modified":"2023-11-09T10:35:59","modified_gmt":"2023-11-09T10:35:59","slug":"home","status":"publish","type":"page","link":"https:\/\/www.capdagdefrance.co.uk\/italian\/home\/","title":{"rendered":"Cap d\u2019Agde Villaggio Naturista Francia"},"content":{"rendered":"\n<figure class=\"wp-block-image aligncenter\"><img loading=\"lazy\" decoding=\"async\" width=\"584\" height=\"338\" src=\"https:\/\/www.capdagdefrance.co.uk\/italian\/wp-content\/uploads\/2013\/01\/wokkers.jpg\" alt=\"Wokkers bar in the resort.\" class=\"wp-image-1503\" srcset=\"https:\/\/www.capdagdefrance.co.uk\/italian\/wp-content\/uploads\/2013\/01\/wokkers.jpg 584w, https:\/\/www.capdagdefrance.co.uk\/italian\/wp-content\/uploads\/2013\/01\/wokkers-300x173.jpg 300w\" sizes=\"(max-width: 584px) 100vw, 584px\" \/><\/figure>\n\n\n\n<h2 class=\"wp-block-heading\">Introduzione a Cap d&#8217;Agde<\/h2>\n\n\n\n<p>Cap d\u2019Agde, in Francia, si trova a pochi chilometri da Montpellier e da S\u00e8te; \u00e8 un villaggio circoscritto e racchiuso, in cui le persone possono fare tutto come mamma le ha fatte, incluso andare in banca, alle poste, al ristorante, in lavanderia o a passeggiare sulla spiaggia, che \u00e8 lunga 6 chilometri circa. <\/p>\n\n\n\n<p>La Francia \u00e8 un paese con un\u2019attitudine aperta verso il naturismo ed in estate la popolazione del villaggio raggiunge i 40.000 abitanti. <\/p>\n\n\n\n<p>Vale la pena di visitare questo luogo di villeggiatura, considerato come la migliore destinazione naturista nel mondo. <\/p>\n\n\n\n<p>Cap d\u2019Agde \u00e8 anche vicino a molte altre piacevoli localit\u00e0 francesi da visitare. Per esempio si possono visitare il porto di S\u00e8te per degustare ottimo pesce, o il borgo medievale di Carcassonne ad ovest. <\/p>\n\n\n\n<p>Nei dintorni si trovano anche Nimes, Montpellier ed Arles. Cap d\u2019Agde, inoltre, si trova a sole 5 ore di viaggio in TGV da Parigi.<\/p>\n\n\n\n<p>Che il naturismo per voi sia una novit\u00e0 o che siate un naturista da molto tempo, questa destinazione \u00e8 il posto migliore per liberarsi dei vestiti. <\/p>\n\n\n\n<p>Pochi posti al mondo prendono tanto sul serio il corpo al naturale, od offrono una comunit\u00e0 tanto vasta per godere del naturismo. <\/p>\n\n\n\n<p>Mandateci un e-mail su: paul(chiocciola)capdagdefrance.co.uk o contattateci tramite il <a href=\"https:\/\/www.capdagdefrance.co.uk\/italian\/contattateci\/ \">modulo di contatto sul sito<\/a>.<\/p>\n\n\n\n<div class=\"wp-block-image\"><figure class=\"aligncenter size-large\"><a href=\"https:\/\/www.capdagdefrance.co.uk\/italian\/e-libro\/\"><img loading=\"lazy\" decoding=\"async\" width=\"560\" height=\"315\" src=\"https:\/\/www.capdagdefrance.co.uk\/italian\/wp-content\/uploads\/2020\/01\/ebook-nudista.jpg\" alt=\"eBook nudista per Cap d'Agde\" class=\"wp-image-1840\" srcset=\"https:\/\/www.capdagdefrance.co.uk\/italian\/wp-content\/uploads\/2020\/01\/ebook-nudista.jpg 560w, https:\/\/www.capdagdefrance.co.uk\/italian\/wp-content\/uploads\/2020\/01\/ebook-nudista-300x169.jpg 300w\" sizes=\"(max-width: 560px) 100vw, 560px\" \/><\/a><figcaption><span style=\"text-decoration: underline;\"><strong><a href=\"https:\/\/www.capdagdefrance.co.uk\/italian\/e-libro\/\">Clicca per saperne di pi\u00fa e per comprare l\u2019eBook<\/a><\/strong><\/span><\/figcaption><\/figure><\/div>\n\n\n\n<h2 class=\"wp-block-heading\">Come arrivare al villaggio<\/h2>\n\n\n\n<p>Se venite in aereo dall\u2019Italia, potete anche volare fino a Tolosa, in Francia meridionale (ci sono collegamenti da Milano, Napoli, Roma e Venezia); prendete quindi un treno della SNFC (le ferrovie francesi) che in circa tre ore vi porta alla <a href=\"https:\/\/www.capdagdefrance.co.uk\/italian\/arrivare\/treno\/\">stazione ferroviaria di Agde<\/a>. <\/p>\n\n\n\n<p>Da l\u00ec rimane da fare un breve viaggio in autobus o taxi per arrivare al villaggio naturista. Easyjet.com\/it, Air France e Alitalia hanno voli verso Tolosa. <\/p>\n\n\n\n<p>Si pu\u00f2 anche <a title=\"Andare in macchina verso Cap d\u2019Agde e parcheggiare\" href=\"https:\/\/www.capdagdefrance.co.uk\/italian\/arrivare\/guidare-parcheggio\/\">andare in macchina<\/a>, perch\u00e9 non&nbsp;\u00e8 molto lontano, specialmente dal Nord Italia, e i paesaggi della campagna francese sono molto belli da vedere.<\/p>\n\n\n\n<h2 class=\"wp-block-heading\">Cose da fare ad Agde e dove alloggiare<\/h2>\n\n\n\n<p>In questa meravigliosa localit\u00e0 naturista, ci si pu\u00f2 rilassare o fare passeggiate sulla <a title=\"La spiaggia\" href=\"http:\/\/www.capdagdefrance.co.uk\/italian\/servizi\/spiaggia\/\">lunghissima spiaggia<\/a>, per cui \u00e8 famosa. <\/p>\n\n\n\n<p>Si pu\u00f2 anche <a href=\"https:\/\/www.capdagdefrance.co.uk\/italian\/servizi\/negozi\/\">fare compere <\/a>di alimentari e di articoli di lingerie, tutto all\u2019interno del villaggio. La sera nel villaggio si pu\u00f2 andare a cena fuori o visitare i <a title=\"Vita notturna\" href=\"http:\/\/www.capdagdefrance.co.uk\/italian\/servizi\/vita-notturna\/\">vari locali notturni<\/a>.<\/p>\n\n\n\n<p>Questo posto \u00e8 unico perch\u00e9 va bene sia per le famiglie, specialmente durante il giorno, che per gli adulti la sera quando diventa un luogo davvero unico.<\/p>\n\n\n\n<p>Per <a href=\"https:\/\/www.capdagdefrance.co.uk\/italian\/alloggiare\/\">l\u2019alloggio,<\/a> all\u2019interno del villaggio ci sono molte possibilit\u00e0: dal <a title=\"Tipi di sistemazione in campeggio\" href=\"https:\/\/www.capdagdefrance.co.uk\/italian\/campeggio\/sistemazione\/\">campeggio <\/a>per chi ama la natura, specialmente adatto alle famiglie, agli appartamenti e gli alberghi per chi voglia rilassarsi completamente e non pensare a nulla. <\/p>\n\n\n\n<div class=\"wp-block-image\"><figure class=\"aligncenter size-large\"><a href=\"https:\/\/www.capdagdefrance.co.uk\/resources\/\" target=\"_blank\" rel=\"noreferrer noopener\"><img loading=\"lazy\" decoding=\"async\" width=\"470\" height=\"215\" src=\"https:\/\/www.capdagdefrance.co.uk\/italian\/wp-content\/uploads\/2020\/01\/resources-capdagde.png\" alt=\"Cap d'Age resources\" class=\"wp-image-1951\" srcset=\"https:\/\/www.capdagdefrance.co.uk\/italian\/wp-content\/uploads\/2020\/01\/resources-capdagde.png 470w, https:\/\/www.capdagdefrance.co.uk\/italian\/wp-content\/uploads\/2020\/01\/resources-capdagde-300x137.png 300w\" sizes=\"(max-width: 470px) 100vw, 470px\" \/><\/a><figcaption><span style=\"text-decoration: underline;\"><strong><a href=\"https:\/\/www.capdagdefrance.co.uk\/resources\/\" target=\"_blank\" rel=\"noreferrer noopener\" aria-label=\"CLICK FOR Cap d'Agde Resources (opens in a new tab)\">CLICK FOR Cap d&#8217;Agde Resources<\/a><\/strong><\/span><\/figcaption><\/figure><\/div>\n\n\n\n<p>Ci sono varie tipologie di prezzo, dalla piazzola per tenda in campeggio, agli appartamenti, agli <a href=\"https:\/\/www.capdagdefrance.co.uk\/italian\/alloggiare\/oz-inn-hotel\/\">hotel a cinque stelle<\/a>, con tutti i confort, tra cui sauna e piscina. <\/p>\n\n\n\n<p>C\u2019\u00e8 solo l\u2019imbarazzo della scelta. Bisogna ricordarsi per\u00f2 che, se si vuole stare dentro il villaggio, bisogna prenotare molto presto. <\/p>\n\n\n\n<p>Gi\u00e0 da dicembre\/gennaio bisogne prenotare, perch\u00e9 si esaurisce tutto molto velocemente. Dopotutto questo luogo \u00e8 molto popolare e visitato da persone provenienti da tutto il mondo!<\/p>\n\n\n\n<p>Pagine che potrete trovare utili:<\/p>\n\n\n\n<ul class=\"wp-block-list\">\n<li><a href=\"https:\/\/www.capdagdefrance.co.uk\/italian\/alloggiare\/affitto-appartamenti\/\"><strong><span style=\"text-decoration: underline;\">Come prenotare un appartamento<\/span><\/strong><\/a><\/li>\n\n\n\n<li><a title=\"Domande frequenti sul villaggio\" href=\"https:\/\/www.capdagdefrance.co.uk\/italian\/domande-frequenti\/\"><span style=\"text-decoration: underline;\">Domande frequenti<\/span><\/a><\/li>\n\n\n\n<li><a title=\"Racconti di chi ci \u00e8 andato per la prima volta\" href=\"https:\/\/www.capdagdefrance.co.uk\/italian\/racconti-prima-visita\/\"><span style=\"text-decoration: underline;\">Racconti di viaggio di chi ci&nbsp;\u00e8 andato per la prima volta<\/span><\/a><\/li>\n\n\n\n<li><span style=\"text-decoration: underline;\"><a href=\"https:\/\/www.capdagdefrance.co.uk\/italian\/ubicazione\/\">Dove si trova Cap d&#8217;Agde<\/a><\/span><\/li>\n<\/ul>\n\n\n\n<figure class=\"wp-block-image aligncenter size-large\"><img loading=\"lazy\" decoding=\"async\" width=\"460\" height=\"200\" src=\"https:\/\/www.capdagdefrance.co.uk\/italian\/wp-content\/uploads\/2020\/01\/dove-si-trova-cap-dagde.jpg\" alt=\"Veduta aerea di Cap d'Agde villaggio naturista\" class=\"wp-image-1847\" srcset=\"https:\/\/www.capdagdefrance.co.uk\/italian\/wp-content\/uploads\/2020\/01\/dove-si-trova-cap-dagde.jpg 460w, https:\/\/www.capdagdefrance.co.uk\/italian\/wp-content\/uploads\/2020\/01\/dove-si-trova-cap-dagde-300x130.jpg 300w\" sizes=\"(max-width: 460px) 100vw, 460px\" \/><\/figure>\n\n\n\n<h2 class=\"wp-block-heading\">Taxi e Servizio di Limousine da\/per l\u2019Aeroporto<\/h2>\n\n\n\n<p>Vorremmo attirare la vostra attenzione al fatto che adesso potete prenotare I trasferimenti da\/per l\u2019aeroporto <strong><a href=\"https:\/\/www.capdagdefrance.co.uk\/italian\/arrivare\/trasferimenti-aeroporto\/\">prenotare I trasferimenti da\/per l\u2019aeroporto<\/a><\/strong><\/p>\n\n\n\n<figure class=\"wp-block-image aligncenter\"><a href=\"https:\/\/www.capdagdefrance.co.uk\/airport-transfers\/\"><img decoding=\"async\" src=\"https:\/\/www.capdagdefrance.co.uk\/italian\/wp-content\/uploads\/2017\/02\/ITALIANBOOK.jpg\" alt=\"transfer\" class=\"wp-image-2889\"\/><\/a><\/figure>\n\n\n\n<p>Adesso potete prenotare trasferimenti tra il villaggio e gli <span style=\"text-decoration: underline;\"><strong><a href=\"https:\/\/www.capdagdefrance.co.uk\/italian\/aeroporti\/\">aeroporti internazionali di Beziers, Montpellier, Carcassonne, Perpignan<\/a><\/strong><\/span>, N\u00eemes, Marsiglia e Tolosa con i nostri partners A2A.<\/p>\n","protected":false},"excerpt":{"rendered":"<p>Introduzione a Cap d&#8217;Agde Cap d\u2019Agde, in Francia, si trova a pochi chilometri da Montpellier e da S\u00e8te; \u00e8 un villaggio circoscritto e racchiuso, in cui le persone possono fare tutto come mamma le ha fatte, incluso andare in banca, alle poste, al ristorante, in lavanderia o a passeggiare sulla spiaggia, che \u00e8 lunga 6 [&hellip;]<\/p>\n","protected":false},"author":1,"featured_media":1503,"parent":0,"menu_order":0,"comment_status":"open","ping_status":"open","template":"","meta":{"_et_pb_use_builder":"","_et_pb_old_content":"","_et_gb_content_width":"","_lmt_disableupdate":"no","_lmt_disable":"","footnotes":""},"class_list":["post-21","page","type-page","status-publish","has-post-thumbnail","hentry"],"_links":{"self":[{"href":"https:\/\/www.capdagdefrance.co.uk\/italian\/wp-json\/wp\/v2\/pages\/21","targetHints":{"allow":["GET"]}}],"collection":[{"href":"https:\/\/www.capdagdefrance.co.uk\/italian\/wp-json\/wp\/v2\/pages"}],"about":[{"href":"https:\/\/www.capdagdefrance.co.uk\/italian\/wp-json\/wp\/v2\/types\/page"}],"author":[{"embeddable":true,"href":"https:\/\/www.capdagdefrance.co.uk\/italian\/wp-json\/wp\/v2\/users\/1"}],"replies":[{"embeddable":true,"href":"https:\/\/www.capdagdefrance.co.uk\/italian\/wp-json\/wp\/v2\/comments?post=21"}],"version-history":[{"count":1,"href":"https:\/\/www.capdagdefrance.co.uk\/italian\/wp-json\/wp\/v2\/pages\/21\/revisions"}],"predecessor-version":[{"id":14194,"href":"https:\/\/www.capdagdefrance.co.uk\/italian\/wp-json\/wp\/v2\/pages\/21\/revisions\/14194"}],"wp:featuredmedia":[{"embeddable":true,"href":"https:\/\/www.capdagdefrance.co.uk\/italian\/wp-json\/wp\/v2\/media\/1503"}],"wp:attachment":[{"href":"https:\/\/www.capdagdefrance.co.uk\/italian\/wp-json\/wp\/v2\/media?parent=21"}],"curies":[{"name":"wp","href":"https:\/\/api.w.org\/{rel}","templated":true}]}}